{"id":6659,"date":"2023-06-07T08:32:04","date_gmt":"2023-06-07T08:32:04","guid":{"rendered":"https:\/\/newgenerations.de\/?page_id=6659"},"modified":"2023-09-05T07:03:50","modified_gmt":"2023-09-05T07:03:50","slug":"interim-2023","status":"publish","type":"page","link":"https:\/\/newgenerations.de\/en\/interim-2023\/","title":{"rendered":"Interim 2023"},"content":{"rendered":"<section class=\"l-section wpb_row height_medium\"><div class=\"l-section-h i-cf\"><div class=\"g-cols vc_row type_default valign_top\"><div class=\"vc_col-sm-12 wpb_column vc_column_container\"><div class=\"vc_column-inner\"><div class=\"wpb_wrapper\"><div class=\"wpb_text_column\" ><div class=\"wpb_wrapper\"><h1>Programm 2023<\/h1>\n<\/div><\/div><div class=\"wpb_text_column\" ><div class=\"wpb_wrapper\"><h4>01\/09\/2023<\/h4>\n<\/div><\/div><div class=\"wpb_text_column\" ><div class=\"wpb_wrapper\"><h4>Die Auswahl der diesj\u00e4hrigen Filme steht und wird in wenigen Tagen verraten&#8230;<\/h4>\n<\/div><\/div><\/div><\/div><\/div><div class=\"vc_col-sm-12 wpb_column vc_column_container\"><div class=\"vc_column-inner\"><div class=\"wpb_wrapper\"><div class=\"g-cols wpb_row  type_default valign_top vc_inner\"><div class=\"vc_col-sm-6 wpb_column vc_column_container\"><div class=\"vc_column-inner\"><div class=\"wpb_wrapper\"><\/div><\/div><\/div><div class=\"vc_col-sm-6 wpb_column vc_column_container\"><div class=\"vc_column-inner\"><div class=\"wpb_wrapper\"><\/div><\/div><\/div><\/div><\/div><\/div><\/div><div class=\"vc_col-sm-6 wpb_column vc_column_container\"><div class=\"vc_column-inner\"><div class=\"wpb_wrapper\"><div class=\"wpb_text_column\" ><div class=\"wpb_wrapper\"><\/div><\/div><div class=\"wpb_text_column\" ><div class=\"wpb_wrapper\"><h4>8\/06\/2023<\/h4>\n<\/div><\/div><div class=\"wpb_text_column\" ><div class=\"wpb_wrapper\"><h1>New Generations 2023<\/h1>\n<\/div><\/div><div class=\"wpb_text_column\" ><div class=\"wpb_wrapper\"><h4>This Year's Edition of the New Generations - Independent Indian Film Festival will be held at the Orfeos Erben cinema in Frankfurt, from October 6 to 8, 2023.<\/h4>\n<\/div><\/div><div class=\"wpb_text_column\" ><div class=\"wpb_wrapper\"><h4>More information to follow soon.<\/h4>\n<\/div><\/div><\/div><\/div><\/div><div class=\"vc_col-sm-6 vc_hidden-lg vc_hidden-md vc_hidden-sm vc_hidden-xs wpb_column vc_column_container\"><div class=\"vc_column-inner\"><div class=\"wpb_wrapper\"><div class=\"w-slider style_none fit_contain\"><div class=\"w-slider-h\"><div class=\"royalSlider\"><div class=\"rsContent\"><a class=\"rsImg\" data-rsw=\"1024\" data-rsh=\"1024\" href=\"https:\/\/newgenerations.de\/wp-content\/uploads\/2021\/09\/NG2021_Character_web-1024x1024.png\"><span data-alt=\"\"><\/span><\/a><\/div><\/div><img loading=\"lazy\" decoding=\"async\" src=\"https:\/\/newgenerations.de\/wp-content\/uploads\/2021\/09\/NG2021_Character_web-1024x1024.png\" width=\"1024\" height=\"1024\" alt><\/div><div class=\"w-slider-json\" onclick='return {&quot;loop&quot;:true,&quot;fadeInLoadedSlide&quot;:false,&quot;slidesSpacing&quot;:0,&quot;imageScalePadding&quot;:0,&quot;numImagesToPreload&quot;:2,&quot;arrowsNav&quot;:true,&quot;arrowsNavAutoHide&quot;:false,&quot;transitionType&quot;:&quot;move&quot;,&quot;transitionSpeed&quot;:300,&quot;block&quot;:{&quot;moveEffect&quot;:&quot;none&quot;,&quot;speed&quot;:300},&quot;controlNavigation&quot;:&quot;none&quot;,&quot;imageScaleMode&quot;:&quot;fit&quot;,&quot;autoScaleSlider&quot;:true,&quot;autoScaleSliderWidth&quot;:1024,&quot;autoScaleSliderHeight&quot;:1024,&quot;fitInViewport&quot;:false}'><\/div><\/div><div class=\"w-separator size_medium\"><\/div><\/div><\/div><\/div><\/div><\/div><\/section><section class=\"l-section wpb_row us_custom_4bba84fb height_medium\"><div class=\"l-section-h i-cf\"><div class=\"g-cols vc_row type_default valign_top\"><div class=\"vc_col-sm-9 vc_hidden-lg vc_hidden-md vc_hidden-sm vc_hidden-xs wpb_column vc_column_container\"><div class=\"vc_column-inner\"><div class=\"wpb_wrapper\"><div class=\"wpb_text_column\" ><div class=\"wpb_wrapper\"><h3>31\/07\/2023<\/h3>\n<\/div><\/div><div class=\"wpb_text_column\" ><div class=\"wpb_wrapper\"><h2><strong>Closing date<\/strong><\/h2>\n<\/div><\/div><div class=\"wpb_text_column\" ><div class=\"wpb_wrapper\"><h4>Vielen Dank f\u00fcr gro\u00dfartigen Einsendungen f\u00fcr den New Generations Short Film Wallah 2023. Unsere Short Film Wallah Jury w\u00e4hlt jetzt die besten Filme aus.<\/h4>\n<\/div><\/div><\/div><\/div><\/div><div class=\"vc_col-sm-3 wpb_column vc_column_container\"><div class=\"vc_column-inner\"><div class=\"wpb_wrapper\"><\/div><\/div><\/div><\/div><\/div><\/section><section class=\"l-section wpb_row us_custom_4bba84fb height_medium\"><div class=\"l-section-h i-cf\"><div class=\"g-cols vc_row type_default valign_top\"><div class=\"vc_col-sm-9 wpb_column vc_column_container\"><div class=\"vc_column-inner\"><div class=\"wpb_wrapper\"><div class=\"wpb_text_column\" ><div class=\"wpb_wrapper\"><h3>31\/07\/2023<\/h3>\n<\/div><\/div><div class=\"wpb_text_column\" ><div class=\"wpb_wrapper\"><h2><strong>Short Film Wallah Wettbewerb<br \/>\n<\/strong><\/h2>\n<\/div><\/div><div class=\"wpb_text_column\" ><div class=\"wpb_wrapper\"><h4>Vielen Dank f\u00fcr gro\u00dfartigen Einsendungen f\u00fcr den New Generations Short Film Wallah 2023. Unsere Short Film Wallah Jury w\u00e4hlt jetzt die besten Filme aus.<\/h4>\n<\/div><\/div>\n\t<div class=\"wpb_raw_code wpb_content_element wpb_raw_html\" >\n\t\t<div class=\"wpb_wrapper\">\n\t\t\t\n\t\t<\/div>\n\t<\/div>\n<\/div><\/div><\/div><div class=\"vc_col-sm-3 wpb_column vc_column_container\"><div class=\"vc_column-inner\"><div class=\"wpb_wrapper\"><\/div><\/div><\/div><\/div><\/div><\/section><section class=\"l-section wpb_row us_custom_e47d7875 height_medium\"><div class=\"l-section-h i-cf\"><div class=\"g-cols vc_row type_default valign_top\"><div class=\"vc_col-sm-3 wpb_column vc_column_container\"><div class=\"vc_column-inner\"><div class=\"wpb_wrapper\"><\/div><\/div><\/div><div class=\"vc_col-sm-6 wpb_column vc_column_container\"><div class=\"vc_column-inner\"><div class=\"wpb_wrapper\"><div class=\"wpb_text_column\" ><div class=\"wpb_wrapper\"><h5 style=\"text-align: center;\">Stay up to date!<\/h5>\n<p style=\"text-align: center; font-size: 15px; line-height: 1rem;\">Signup to our exclusive mailing list for the latest updates. By entering your e-mail address you agree to the use of your e-mail address to send a newsletter. <a href=\"https:\/\/newgenerations.de\/en\/datenschutz\/\">Privacy policy<\/a>.<\/p>\n<\/div><\/div><div class=\"wpb_text_column us_custom_eb849559\" ><div class=\"wpb_wrapper\"><p style=\"text-align: left;\"><script>(function() {\n\twindow.mc4wp = window.mc4wp || {\n\t\tlisteners: [],\n\t\tforms: {\n\t\t\ton: function(evt, cb) {\n\t\t\t\twindow.mc4wp.listeners.push(\n\t\t\t\t\t{\n\t\t\t\t\t\tevent   : evt,\n\t\t\t\t\t\tcallback: cb\n\t\t\t\t\t}\n\t\t\t\t);\n\t\t\t}\n\t\t}\n\t}\n})();\n<\/script><!-- Mailchimp for WordPress v4.10.9 - https:\/\/wordpress.org\/plugins\/mailchimp-for-wp\/ --><form id=\"mc4wp-form-1\" class=\"mc4wp-form mc4wp-form-5430\" method=\"post\" data-id=\"5430\" data-name=\"\" action=\"\" ><div class=\"mc4wp-form-fields\"><p>\r\n    <input type=\"email\" name=\"EMAIL\" placeholder=\"Your email address\" required \/>\r\n<\/p>\r\n\r\n<p>\r\n\t<input type=\"submit\" value=\"SUBSCRIBE\" \/>\r\n<\/p><\/div><label style=\"display: none !important;\">Leave this field empty if you're human: <input type=\"text\" name=\"_mc4wp_honeypot\" value=\"\" tabindex=\"-1\" autocomplete=\"off\" \/><\/label><input type=\"hidden\" name=\"_mc4wp_timestamp\" value=\"1776319449\" \/><input type=\"hidden\" name=\"_mc4wp_form_id\" value=\"5430\" \/><input type=\"hidden\" name=\"_mc4wp_form_element_id\" value=\"mc4wp-form-1\" \/><div class=\"mc4wp-response\"><\/div><input type=\"hidden\" name=\"trp-form-language\" value=\"en\"\/><\/form><!-- \/ Mailchimp for WordPress Plugin --><\/p>\n<\/div><\/div><\/div><\/div><\/div><div class=\"vc_col-sm-3 wpb_column vc_column_container\"><div class=\"vc_column-inner\"><div class=\"wpb_wrapper\"><\/div><\/div><\/div><\/div><\/div><\/section><div class=\"vc_col-sm-9 wpb_column vc_column_container\"><div class=\"vc_column-inner\"><div class=\"wpb_wrapper\"><\/div><\/div><\/div><section class=\"l-section wpb_row height_medium\"><div class=\"l-section-h i-cf\"><div class=\"g-cols vc_row type_default valign_top\"><div class=\"vc_col-sm-12 wpb_column vc_column_container\"><div class=\"vc_column-inner\"><div class=\"wpb_wrapper\"><\/div><\/div><\/div><\/div><\/div><\/section><section class=\"l-section wpb_row height_medium\"><div class=\"l-section-h i-cf\"><div class=\"g-cols vc_row type_default valign_top\"><div class=\"vc_col-sm-12 wpb_column vc_column_container\"><div class=\"vc_column-inner\"><div class=\"wpb_wrapper\"><\/div><\/div><\/div><\/div><\/div><\/section>","protected":false},"excerpt":{"rendered":"Programm 2023 01\/09\/2023 Die Auswahl der diesj\u00e4hrigen Filme steht und wird in wenigen Tagen verraten&#8230; 8\/06\/2023 New Generations 2023 Das New Generations \u2013 Independent Indian Film Festival findet vom 6. bis 8. Oktober 2023 im Kino Orfeos Erben in Frankfurt statt. Weitere Informationen folgen demn\u00e4chst. 31\/07\/2023 Einsendeschluss Vielen Dank f\u00fcr gro\u00dfartigen Einsendungen f\u00fcr den New...","protected":false},"author":3,"featured_media":0,"parent":0,"menu_order":0,"comment_status":"closed","ping_status":"closed","template":"","meta":{"footnotes":""},"class_list":["post-6659","page","type-page","status-publish","hentry"],"_links":{"self":[{"href":"https:\/\/newgenerations.de\/en\/wp-json\/wp\/v2\/pages\/6659","targetHints":{"allow":["GET"]}}],"collection":[{"href":"https:\/\/newgenerations.de\/en\/wp-json\/wp\/v2\/pages"}],"about":[{"href":"https:\/\/newgenerations.de\/en\/wp-json\/wp\/v2\/types\/page"}],"author":[{"embeddable":true,"href":"https:\/\/newgenerations.de\/en\/wp-json\/wp\/v2\/users\/3"}],"replies":[{"embeddable":true,"href":"https:\/\/newgenerations.de\/en\/wp-json\/wp\/v2\/comments?post=6659"}],"version-history":[{"count":22,"href":"https:\/\/newgenerations.de\/en\/wp-json\/wp\/v2\/pages\/6659\/revisions"}],"predecessor-version":[{"id":6789,"href":"https:\/\/newgenerations.de\/en\/wp-json\/wp\/v2\/pages\/6659\/revisions\/6789"}],"wp:attachment":[{"href":"https:\/\/newgenerations.de\/en\/wp-json\/wp\/v2\/media?parent=6659"}],"curies":[{"name":"wp","href":"https:\/\/api.w.org\/{rel}","templated":true}]}}